{"id":1647,"date":"2017-05-12T09:26:08","date_gmt":"2017-05-12T09:26:08","guid":{"rendered":"http:\/\/consultall.stm\/miami\/?page_id=1647"},"modified":"2024-12-17T22:37:46","modified_gmt":"2024-12-17T21:37:46","slug":"services-with-tabs","status":"publish","type":"page","link":"https:\/\/www.bamocol.com\/index.php\/services-with-tabs\/","title":{"rendered":"Services with Tabs"},"content":{"rendered":"\t\t<div data-elementor-type=\"wp-page\" data-elementor-id=\"1647\" class=\"elementor elementor-1647 elementor-bc-flex-widget\" data-elementor-post-type=\"page\">\n\t\t\t\t\t\t<section class=\"elementor-section elementor-top-section elementor-element elementor-element-8f95a2d elementor-section-boxed elementor-section-height-default elementor-section-height-default\" data-id=\"8f95a2d\" data-element_type=\"section\">\n\t\t\t\t\t\t<div class=\"elementor-container elementor-column-gap-default\">\n\t\t\t\t\t<div class=\"elementor-column elementor-col-100 elementor-top-column elementor-element elementor-element-8f95fff\" data-id=\"8f95fff\" data-element_type=\"column\">\n\t\t\t<div class=\"elementor-widget-wrap elementor-element-populated\">\n\t\t\t\t\t\t<div class=\"elementor-element elementor-element-8f96493 elementor-widget elementor-widget-stm_services_tabs\" data-id=\"8f96493\" data-element_type=\"widget\" data-widget_type=\"stm_services_tabs.default\">\n\t\t\t\t<div class=\"elementor-widget-container\">\n\t\t\t\t\t    <div class=\" consulting_elementor_services_tabs stm_services_tabs \">\n\n        <div class=\"services_categories\">\n            <ul class=\"clearfix\">\n                                    <li>\n                        <a href=\"#service-tab-aseo-industrial\">Aseo Industrial<\/a>\n                    <\/li>\n                                    <li>\n                        <a href=\"#service-tab-sanidad-portatil\">Saneamiento B\u00e1sico Port\u00e1til<\/a>\n                    <\/li>\n                            <\/ul>\n        <\/div>\n\n                                                <div class=\"services_tabs\" id=\"service-tab-aseo-industrial\">\n\n                    \n                        <div class=\"service_tab_item\">\n                            \n                            <div class=\"service_header\">\n                                <div class=\"service_name\"><a href=\"https:\/\/www.bamocol.com\/index.php\/service\/trampas-de-grasa\/\">Limpieza de Trampas de Grasa<\/a><\/div>\n                                <div class=\"service_dots\"><span class=\"separator_dots\"><\/span><\/div>\n                                <div class=\"service_cost\">$57<\/div>\n                            <\/div>\n\n                            <div class=\"service_text\">\n                                <p>Mant\u00e9n impecable tu sistema hidrosanitario, trampa de grasas y drenaje, libre de problemas con nuestro servicio especializado.<\/p>\n                            <\/div>\n                        <\/div>\n\n                    \n                        <div class=\"service_tab_item\">\n                                                            <div class=\"service_label\">New<\/div>\n                            \n                            <div class=\"service_header\">\n                                <div class=\"service_name\"><a href=\"https:\/\/www.bamocol.com\/index.php\/service\/pozos-septicos\/\">Limpieza de Pozos S\u00e9pticos<\/a><\/div>\n                                <div class=\"service_dots\"><span class=\"separator_dots\"><\/span><\/div>\n                                <div class=\"service_cost\">$35<\/div>\n                            <\/div>\n\n                            <div class=\"service_text\">\n                                <p>Ofrecemos limpieza y mantenimiento de tanques y pozo s\u00e9pticos, incluyendo succi\u00f3n, transporte y disposici\u00f3n final de aguas residuales<\/p>\n                            <\/div>\n                        <\/div>\n\n                    \n                        <div class=\"service_tab_item\">\n                            \n                            <div class=\"service_header\">\n                                <div class=\"service_name\"><a href=\"https:\/\/www.bamocol.com\/index.php\/service\/redes-hidrosanitarias\/\">Mantenimiento de Redes Hidrosanitarias<\/a><\/div>\n                                <div class=\"service_dots\"><span class=\"separator_dots\"><\/span><\/div>\n                                <div class=\"service_cost\">$80<\/div>\n                            <\/div>\n\n                            <div class=\"service_text\">\n                                <p>Inspecci\u00f3n, sondeo y destaponamiento para evitar obstrucciones y contratiempos.<\/p>\n                            <\/div>\n                        <\/div>\n\n                    \n                        <div class=\"service_tab_item\">\n                                                            <div class=\"service_label\">New<\/div>\n                            \n                            <div class=\"service_header\">\n                                <div class=\"service_name\"><a href=\"https:\/\/www.bamocol.com\/index.php\/service\/transporte-lodos-residuales\/\">Transporte de Lodos y Aguas Residuales<\/a><\/div>\n                                <div class=\"service_dots\"><span class=\"separator_dots\"><\/span><\/div>\n                                <div class=\"service_cost\">$49<\/div>\n                            <\/div>\n\n                            <div class=\"service_text\">\n                                <p>Cumplimos con todos los requisitos legales, en el transporte seguro y eficiente de lodos y aguas residuales con una flota veh\u00edcular con capacidad de transportar desde 1.000 hasta 18.000 litros.<\/p>\n                            <\/div>\n                        <\/div>\n\n                    \n                        <div class=\"service_tab_item\">\n                            \n                            <div class=\"service_header\">\n                                <div class=\"service_name\"><a href=\"https:\/\/www.bamocol.com\/index.php\/service\/otros-servicios\/\">Otros servicios relacionados<\/a><\/div>\n                                <div class=\"service_dots\"><span class=\"separator_dots\"><\/span><\/div>\n                                <div class=\"service_cost\"><\/div>\n                            <\/div>\n\n                            <div class=\"service_text\">\n                                <p>Lavamos con agua a alta presi\u00f3n tanques de agua, pisos y fachadas. Inspecci\u00f3n y diagn\u00f3stico de sistemas hidrosanitarios, levantamiento de planos de redes.<\/p>\n                            <\/div>\n                        <\/div>\n\n                    \n                <\/div>\n                                                            <div class=\"services_tabs\" id=\"service-tab-sanidad-portatil\">\n\n                    \n                        <div class=\"service_tab_item\">\n                                                            <div class=\"service_label\">New<\/div>\n                            \n                            <div class=\"service_header\">\n                                <div class=\"service_name\"><a href=\"https:\/\/www.bamocol.com\/index.php\/service\/linea-estandar\/\">Linea Est\u00e1ndar<\/a><\/div>\n                                <div class=\"service_dots\"><span class=\"separator_dots\"><\/span><\/div>\n                                <div class=\"service_cost\">$75<\/div>\n                            <\/div>\n\n                            <div class=\"service_text\">\n                                <p>Soluciones pr\u00e1cticas y confiables para construcci\u00f3n, industria, campos agr\u00edcolas, desastres naturales y eventos masivos. Dise\u00f1ados para adaptarse a cualquier entorno, garantizan comodidad e higiene donde m\u00e1s se necesita.<\/p>\n                            <\/div>\n                        <\/div>\n\n                    \n                        <div class=\"service_tab_item\">\n                            \n                            <div class=\"service_header\">\n                                <div class=\"service_name\"><a href=\"https:\/\/www.bamocol.com\/index.php\/service\/linea-superior\/\">L\u00ednea Superior<\/a><\/div>\n                                <div class=\"service_dots\"><span class=\"separator_dots\"><\/span><\/div>\n                                <div class=\"service_cost\">$60<\/div>\n                            <\/div>\n\n                            <div class=\"service_text\">\n                                <p>Dise\u00f1ada para eventos sociales y masivos, ofreciendo soluciones inclusivas para personas con movilidad reducida, garantizando comodidad, accesibilidad e higiene en cada ocasi\u00f3n.<\/p>\n                            <\/div>\n                        <\/div>\n\n                    \n                        <div class=\"service_tab_item\">\n                                                            <div class=\"service_label\">Special<\/div>\n                            \n                            <div class=\"service_header\">\n                                <div class=\"service_name\"><a href=\"https:\/\/www.bamocol.com\/index.php\/service\/linea-premium\/\">Linea Premium<\/a><\/div>\n                                <div class=\"service_dots\"><span class=\"separator_dots\"><\/span><\/div>\n                                <div class=\"service_cost\">$115<\/div>\n                            <\/div>\n\n                            <div class=\"service_text\">\n                                <p>Soluciones de lujo para eventos del m\u00e1s alto nivel. Dise\u00f1ados para brindar confort, privacidad y elegancia, son la opci\u00f3n ideal para personas distinguidas, artistas y producciones de cine y televisi\u00f3n.<\/p>\n                            <\/div>\n                        <\/div>\n\n                    \n                <\/div>\n                    \n        <script type=\"text\/javascript\">\n            jQuery(document).ready(function ($) {\n                \"use strict\";\n                $(\".stm_services_tabs\").tabs({\n                    hide: 'fadeOut',\n                    show: 'fadeIn',\n                    duration:'fast'\n                });\n            });\n        <\/script>\n\n    <\/div>\n\t\t\t\t<\/div>\n\t\t\t\t<\/div>\n\t\t\t\t\t<\/div>\n\t\t<\/div>\n\t\t\t\t\t<\/div>\n\t\t<\/section>\n\t\t\t\t<\/div>\n\t\t","protected":false},"excerpt":{"rendered":"<p>[vc_row][vc_column][stm_services_tabs][\/vc_column][\/vc_row]<\/p>\n","protected":false},"author":1,"featured_media":0,"parent":0,"menu_order":0,"comment_status":"closed","ping_status":"closed","template":"","meta":{"footnotes":""},"class_list":["post-1647","page","type-page","status-publish","hentry"],"yoast_head":"<!-- This site is optimized with the Yoast SEO plugin v26.4 - https:\/\/yoast.com\/wordpress\/plugins\/seo\/ -->\n<title>Services with Tabs - Alquiler de Ba\u00f1os Port\u00e1tiles y Aseo Industrial en Colombia<\/title>\n<meta name=\"robots\" content=\"index, follow, max-snippet:-1, max-image-preview:large, max-video-preview:-1\" \/>\n<link rel=\"canonical\" href=\"https:\/\/www.bamocol.com\/index.php\/services-with-tabs\/\" \/>\n<meta property=\"og:locale\" content=\"es_ES\" \/>\n<meta property=\"og:type\" content=\"article\" \/>\n<meta property=\"og:title\" content=\"Services with Tabs - Alquiler de Ba\u00f1os Port\u00e1tiles y Aseo Industrial en Colombia\" \/>\n<meta property=\"og:description\" content=\"[vc_row][vc_column][stm_services_tabs][\/vc_column][\/vc_row]\" \/>\n<meta property=\"og:url\" content=\"https:\/\/www.bamocol.com\/index.php\/services-with-tabs\/\" \/>\n<meta property=\"og:site_name\" content=\"Alquiler de Ba\u00f1os Port\u00e1tiles y Aseo Industrial en Colombia\" \/>\n<meta property=\"article:publisher\" content=\"https:\/\/www.facebook.com\/bamocol\/\" \/>\n<meta property=\"article:modified_time\" content=\"2024-12-17T21:37:46+00:00\" \/>\n<meta name=\"twitter:card\" content=\"summary_large_image\" \/>\n<script type=\"application\/ld+json\" class=\"yoast-schema-graph\">{\"@context\":\"https:\/\/schema.org\",\"@graph\":[{\"@type\":\"WebPage\",\"@id\":\"https:\/\/www.bamocol.com\/index.php\/services-with-tabs\/\",\"url\":\"https:\/\/www.bamocol.com\/index.php\/services-with-tabs\/\",\"name\":\"Services with Tabs - Alquiler de Ba\u00f1os Port\u00e1tiles y Aseo Industrial en Colombia\",\"isPartOf\":{\"@id\":\"https:\/\/www.bamocol.com\/#website\"},\"datePublished\":\"2017-05-12T09:26:08+00:00\",\"dateModified\":\"2024-12-17T21:37:46+00:00\",\"breadcrumb\":{\"@id\":\"https:\/\/www.bamocol.com\/index.php\/services-with-tabs\/#breadcrumb\"},\"inLanguage\":\"es\",\"potentialAction\":[{\"@type\":\"ReadAction\",\"target\":[\"https:\/\/www.bamocol.com\/index.php\/services-with-tabs\/\"]}]},{\"@type\":\"BreadcrumbList\",\"@id\":\"https:\/\/www.bamocol.com\/index.php\/services-with-tabs\/#breadcrumb\",\"itemListElement\":[{\"@type\":\"ListItem\",\"position\":1,\"name\":\"Portada\",\"item\":\"https:\/\/www.bamocol.com\/\"},{\"@type\":\"ListItem\",\"position\":2,\"name\":\"Services with Tabs\"}]},{\"@type\":\"WebSite\",\"@id\":\"https:\/\/www.bamocol.com\/#website\",\"url\":\"https:\/\/www.bamocol.com\/\",\"name\":\"Alquiler de Ba\u00f1os Port\u00e1tiles y Aseo Industrial en Colombia\",\"description\":\"\",\"publisher\":{\"@id\":\"https:\/\/www.bamocol.com\/#organization\"},\"potentialAction\":[{\"@type\":\"SearchAction\",\"target\":{\"@type\":\"EntryPoint\",\"urlTemplate\":\"https:\/\/www.bamocol.com\/?s={search_term_string}\"},\"query-input\":{\"@type\":\"PropertyValueSpecification\",\"valueRequired\":true,\"valueName\":\"search_term_string\"}}],\"inLanguage\":\"es\"},{\"@type\":\"Organization\",\"@id\":\"https:\/\/www.bamocol.com\/#organization\",\"name\":\"Alquiler de Ba\u00f1os Port\u00e1tiles y Aseo Industrial en Colombia\",\"url\":\"https:\/\/www.bamocol.com\/\",\"logo\":{\"@type\":\"ImageObject\",\"inLanguage\":\"es\",\"@id\":\"https:\/\/www.bamocol.com\/#\/schema\/logo\/image\/\",\"url\":\"https:\/\/www.bamocol.com\/wp-content\/uploads\/2025\/11\/logo-bamocol_1.png\",\"contentUrl\":\"https:\/\/www.bamocol.com\/wp-content\/uploads\/2025\/11\/logo-bamocol_1.png\",\"width\":240,\"height\":81,\"caption\":\"Alquiler de Ba\u00f1os Port\u00e1tiles y Aseo Industrial en Colombia\"},\"image\":{\"@id\":\"https:\/\/www.bamocol.com\/#\/schema\/logo\/image\/\"},\"sameAs\":[\"https:\/\/www.facebook.com\/bamocol\/\"]}]}<\/script>\n<!-- \/ Yoast SEO plugin. -->","yoast_head_json":{"title":"Services with Tabs - Alquiler de Ba\u00f1os Port\u00e1tiles y Aseo Industrial en Colombia","robots":{"index":"index","follow":"follow","max-snippet":"max-snippet:-1","max-image-preview":"max-image-preview:large","max-video-preview":"max-video-preview:-1"},"canonical":"https:\/\/www.bamocol.com\/index.php\/services-with-tabs\/","og_locale":"es_ES","og_type":"article","og_title":"Services with Tabs - Alquiler de Ba\u00f1os Port\u00e1tiles y Aseo Industrial en Colombia","og_description":"[vc_row][vc_column][stm_services_tabs][\/vc_column][\/vc_row]","og_url":"https:\/\/www.bamocol.com\/index.php\/services-with-tabs\/","og_site_name":"Alquiler de Ba\u00f1os Port\u00e1tiles y Aseo Industrial en Colombia","article_publisher":"https:\/\/www.facebook.com\/bamocol\/","article_modified_time":"2024-12-17T21:37:46+00:00","twitter_card":"summary_large_image","schema":{"@context":"https:\/\/schema.org","@graph":[{"@type":"WebPage","@id":"https:\/\/www.bamocol.com\/index.php\/services-with-tabs\/","url":"https:\/\/www.bamocol.com\/index.php\/services-with-tabs\/","name":"Services with Tabs - Alquiler de Ba\u00f1os Port\u00e1tiles y Aseo Industrial en Colombia","isPartOf":{"@id":"https:\/\/www.bamocol.com\/#website"},"datePublished":"2017-05-12T09:26:08+00:00","dateModified":"2024-12-17T21:37:46+00:00","breadcrumb":{"@id":"https:\/\/www.bamocol.com\/index.php\/services-with-tabs\/#breadcrumb"},"inLanguage":"es","potentialAction":[{"@type":"ReadAction","target":["https:\/\/www.bamocol.com\/index.php\/services-with-tabs\/"]}]},{"@type":"BreadcrumbList","@id":"https:\/\/www.bamocol.com\/index.php\/services-with-tabs\/#breadcrumb","itemListElement":[{"@type":"ListItem","position":1,"name":"Portada","item":"https:\/\/www.bamocol.com\/"},{"@type":"ListItem","position":2,"name":"Services with Tabs"}]},{"@type":"WebSite","@id":"https:\/\/www.bamocol.com\/#website","url":"https:\/\/www.bamocol.com\/","name":"Alquiler de Ba\u00f1os Port\u00e1tiles y Aseo Industrial en Colombia","description":"","publisher":{"@id":"https:\/\/www.bamocol.com\/#organization"},"potentialAction":[{"@type":"SearchAction","target":{"@type":"EntryPoint","urlTemplate":"https:\/\/www.bamocol.com\/?s={search_term_string}"},"query-input":{"@type":"PropertyValueSpecification","valueRequired":true,"valueName":"search_term_string"}}],"inLanguage":"es"},{"@type":"Organization","@id":"https:\/\/www.bamocol.com\/#organization","name":"Alquiler de Ba\u00f1os Port\u00e1tiles y Aseo Industrial en Colombia","url":"https:\/\/www.bamocol.com\/","logo":{"@type":"ImageObject","inLanguage":"es","@id":"https:\/\/www.bamocol.com\/#\/schema\/logo\/image\/","url":"https:\/\/www.bamocol.com\/wp-content\/uploads\/2025\/11\/logo-bamocol_1.png","contentUrl":"https:\/\/www.bamocol.com\/wp-content\/uploads\/2025\/11\/logo-bamocol_1.png","width":240,"height":81,"caption":"Alquiler de Ba\u00f1os Port\u00e1tiles y Aseo Industrial en Colombia"},"image":{"@id":"https:\/\/www.bamocol.com\/#\/schema\/logo\/image\/"},"sameAs":["https:\/\/www.facebook.com\/bamocol\/"]}]}},"_links":{"self":[{"href":"https:\/\/www.bamocol.com\/index.php\/wp-json\/wp\/v2\/pages\/1647","targetHints":{"allow":["GET"]}}],"collection":[{"href":"https:\/\/www.bamocol.com\/index.php\/wp-json\/wp\/v2\/pages"}],"about":[{"href":"https:\/\/www.bamocol.com\/index.php\/wp-json\/wp\/v2\/types\/page"}],"author":[{"embeddable":true,"href":"https:\/\/www.bamocol.com\/index.php\/wp-json\/wp\/v2\/users\/1"}],"replies":[{"embeddable":true,"href":"https:\/\/www.bamocol.com\/index.php\/wp-json\/wp\/v2\/comments?post=1647"}],"version-history":[{"count":1,"href":"https:\/\/www.bamocol.com\/index.php\/wp-json\/wp\/v2\/pages\/1647\/revisions"}],"predecessor-version":[{"id":7161,"href":"https:\/\/www.bamocol.com\/index.php\/wp-json\/wp\/v2\/pages\/1647\/revisions\/7161"}],"wp:attachment":[{"href":"https:\/\/www.bamocol.com\/index.php\/wp-json\/wp\/v2\/media?parent=1647"}],"curies":[{"name":"wp","href":"https:\/\/api.w.org\/{rel}","templated":true}]}}