{"id":6273,"date":"2019-11-26T12:21:32","date_gmt":"2019-11-26T12:21:32","guid":{"rendered":"http:\/\/consulting.stylemixthemes.com\/demo\/?page_id=6273"},"modified":"2024-12-17T22:37:46","modified_gmt":"2024-12-17T21:37:46","slug":"portfolio-2","status":"publish","type":"page","link":"https:\/\/www.bamocol.com\/index.php\/portfolio-2\/","title":{"rendered":"Portfolio"},"content":{"rendered":"\t\t<div data-elementor-type=\"wp-page\" data-elementor-id=\"6273\" class=\"elementor elementor-6273 elementor-bc-flex-widget\" data-elementor-post-type=\"page\">\n\t\t\t\t\t\t<section class=\"elementor-section elementor-top-section elementor-element elementor-element-48a351f elementor-section-boxed elementor-section-height-default elementor-section-height-default\" data-id=\"48a351f\" data-element_type=\"section\">\n\t\t\t\t\t\t<div class=\"elementor-container elementor-column-gap-default\">\n\t\t\t\t\t<div class=\"elementor-column elementor-col-100 elementor-top-column elementor-element elementor-element-48a3c60\" data-id=\"48a3c60\" data-element_type=\"column\">\n\t\t\t<div class=\"elementor-widget-wrap elementor-element-populated\">\n\t\t\t\t\t\t<div class=\"elementor-element elementor-element-48a4211 elementor-widget elementor-widget-stm_portfolio\" data-id=\"48a4211\" data-element_type=\"widget\" data-widget_type=\"stm_portfolio.default\">\n\t\t\t\t<div class=\"elementor-widget-container\">\n\t\t\t\t\t\t\t\t<div class=\"consulting_portfolio_box \">\n\t\t\t\t\t\t\t\t<div class=\"consulting_portfolio_grid consulting_elementor_portfolio style_2 hover_slide_on_top_and_bottom column-3\">\n\t\t\t\t\t<div class=\"portfolio_item all servicios-aseo-industrial\">\n\n\t<div class=\"portfolio_item_thumbnail\">\n\t\t\t\t\t<img decoding=\"async\" src=\"https:\/\/www.bamocol.com\/wp-content\/themes\/consulting\/assets\/images\/tmp\/placeholder.gif\"\n\t\t\t\t\talt=\"Placeholder\"\/>\n\t\t\t\t<a href=\"https:\/\/www.bamocol.com\/index.php\/portfolio\/vehiculo-de-transporte-linea-bamocol-premium\/\" class=\"portfolio_link\">\n\t\t\t\t<span class=\"portfolio_info\">\n\t\t\t\t\tVeh\u00edculo de Transporte Linea Bamocol Premium\t\t\t\t\t\t<span class=\"portfolio_category\">Aseo Industrial<\/span>\n\t\t\t\t\t\t\t\t\t<\/span>\n\t\t<\/a>\n\t<\/div>\n<\/div>\n<div class=\"portfolio_item all servicios-aseo-industrial\">\n\n\t<div class=\"portfolio_item_thumbnail\">\n\t\t\t\t\t<img decoding=\"async\" src=\"https:\/\/www.bamocol.com\/wp-content\/themes\/consulting\/assets\/images\/tmp\/placeholder.gif\"\n\t\t\t\t\talt=\"Placeholder\"\/>\n\t\t\t\t<a href=\"https:\/\/www.bamocol.com\/index.php\/portfolio\/vehiculo-de-transporte-de-banos\/\" class=\"portfolio_link\">\n\t\t\t\t<span class=\"portfolio_info\">\n\t\t\t\t\tVeh\u00edculo de Transporte de Ba\u00f1os\t\t\t\t\t\t<span class=\"portfolio_category\">Aseo Industrial<\/span>\n\t\t\t\t\t\t\t\t\t<\/span>\n\t\t<\/a>\n\t<\/div>\n<\/div>\n<div class=\"portfolio_item all servicios-aseo-industrial\">\n\n\t<div class=\"portfolio_item_thumbnail\">\n\t\t\t\t\t<img decoding=\"async\" src=\"https:\/\/www.bamocol.com\/wp-content\/themes\/consulting\/assets\/images\/tmp\/placeholder.gif\"\n\t\t\t\t\talt=\"Placeholder\"\/>\n\t\t\t\t<a href=\"https:\/\/www.bamocol.com\/index.php\/portfolio\/vehiculo-de-succion-presion-de-1-m3-camioneta\/\" class=\"portfolio_link\">\n\t\t\t\t<span class=\"portfolio_info\">\n\t\t\t\t\tVeh\u00edculo de Succi\u00f3n Presi\u00f3n de 1 m3 (Camioneta)\t\t\t\t\t\t<span class=\"portfolio_category\">Aseo Industrial<\/span>\n\t\t\t\t\t\t\t\t\t<\/span>\n\t\t<\/a>\n\t<\/div>\n<\/div>\n<div class=\"portfolio_item all servicios-aseo-industrial\">\n\n\t<div class=\"portfolio_item_thumbnail\">\n\t\t\t\t\t<img decoding=\"async\" src=\"https:\/\/www.bamocol.com\/wp-content\/themes\/consulting\/assets\/images\/tmp\/placeholder.gif\"\n\t\t\t\t\talt=\"Placeholder\"\/>\n\t\t\t\t<a href=\"https:\/\/www.bamocol.com\/index.php\/portfolio\/vehiculo-de-succion-presion-1-m3-camion\/\" class=\"portfolio_link\">\n\t\t\t\t<span class=\"portfolio_info\">\n\t\t\t\t\tVeh\u00edculo de Succi\u00f3n Presi\u00f3n 1 m3 (Cami\u00f3n)\t\t\t\t\t\t<span class=\"portfolio_category\">Aseo Industrial<\/span>\n\t\t\t\t\t\t\t\t\t<\/span>\n\t\t<\/a>\n\t<\/div>\n<\/div>\n<div class=\"portfolio_item all servicios-aseo-industrial\">\n\n\t<div class=\"portfolio_item_thumbnail\">\n\t\t\t\t\t<img decoding=\"async\" src=\"https:\/\/www.bamocol.com\/wp-content\/themes\/consulting\/assets\/images\/tmp\/placeholder.gif\"\n\t\t\t\t\talt=\"Placeholder\"\/>\n\t\t\t\t<a href=\"https:\/\/www.bamocol.com\/index.php\/portfolio\/vehiculo-de-succion-presion-de-2-m3\/\" class=\"portfolio_link\">\n\t\t\t\t<span class=\"portfolio_info\">\n\t\t\t\t\tVeh\u00edculo de Succi\u00f3n Presi\u00f3n de 2 m3\t\t\t\t\t\t<span class=\"portfolio_category\">Aseo Industrial<\/span>\n\t\t\t\t\t\t\t\t\t<\/span>\n\t\t<\/a>\n\t<\/div>\n<\/div>\n<div class=\"portfolio_item all servicios-aseo-industrial\">\n\n\t<div class=\"portfolio_item_thumbnail\">\n\t\t\t\t\t<img decoding=\"async\" src=\"https:\/\/www.bamocol.com\/wp-content\/themes\/consulting\/assets\/images\/tmp\/placeholder.gif\"\n\t\t\t\t\talt=\"Placeholder\"\/>\n\t\t\t\t<a href=\"https:\/\/www.bamocol.com\/index.php\/portfolio\/vehiculo-de-succion-presion-de-3-m3\/\" class=\"portfolio_link\">\n\t\t\t\t<span class=\"portfolio_info\">\n\t\t\t\t\tVeh\u00edculo de Succi\u00f3n Presi\u00f3n de 3 m3\t\t\t\t\t\t<span class=\"portfolio_category\">Aseo Industrial<\/span>\n\t\t\t\t\t\t\t\t\t<\/span>\n\t\t<\/a>\n\t<\/div>\n<\/div>\n<div class=\"portfolio_item all servicios-aseo-industrial\">\n\n\t<div class=\"portfolio_item_thumbnail\">\n\t\t\t\t\t<img decoding=\"async\" src=\"https:\/\/www.bamocol.com\/wp-content\/themes\/consulting\/assets\/images\/tmp\/placeholder.gif\"\n\t\t\t\t\talt=\"Placeholder\"\/>\n\t\t\t\t<a href=\"https:\/\/www.bamocol.com\/index.php\/portfolio\/vehiculo-de-succion-presion-5-m3\/\" class=\"portfolio_link\">\n\t\t\t\t<span class=\"portfolio_info\">\n\t\t\t\t\tVeh\u00edculo de Succi\u00f3n Presi\u00f3n 5 m3\t\t\t\t\t\t<span class=\"portfolio_category\">Aseo Industrial<\/span>\n\t\t\t\t\t\t\t\t\t<\/span>\n\t\t<\/a>\n\t<\/div>\n<\/div>\n<div class=\"portfolio_item all servicios-aseo-industrial\">\n\n\t<div class=\"portfolio_item_thumbnail\">\n\t\t\t\t\t<img decoding=\"async\" src=\"https:\/\/www.bamocol.com\/wp-content\/themes\/consulting\/assets\/images\/tmp\/placeholder.gif\"\n\t\t\t\t\talt=\"Placeholder\"\/>\n\t\t\t\t<a href=\"https:\/\/www.bamocol.com\/index.php\/portfolio\/vehiculo-de-succion-presion-8-5-m3-lav-600-gal\/\" class=\"portfolio_link\">\n\t\t\t\t<span class=\"portfolio_info\">\n\t\t\t\t\tVeh\u00edculo de Succi\u00f3n Presi\u00f3n 8.5 m3 (Lav 600 gal)\t\t\t\t\t\t<span class=\"portfolio_category\">Aseo Industrial<\/span>\n\t\t\t\t\t\t\t\t\t<\/span>\n\t\t<\/a>\n\t<\/div>\n<\/div>\n<div class=\"portfolio_item all servicios-aseo-industrial\">\n\n\t<div class=\"portfolio_item_thumbnail\">\n\t\t\t\t\t<img decoding=\"async\" src=\"https:\/\/www.bamocol.com\/wp-content\/themes\/consulting\/assets\/images\/tmp\/placeholder.gif\"\n\t\t\t\t\talt=\"Placeholder\"\/>\n\t\t\t\t<a href=\"https:\/\/www.bamocol.com\/index.php\/portfolio\/vehiculo-de-succion-presion-de-5-5m3\/\" class=\"portfolio_link\">\n\t\t\t\t<span class=\"portfolio_info\">\n\t\t\t\t\tVeh\u00edculo de Succi\u00f3n Presi\u00f3n de 5.5m3\t\t\t\t\t\t<span class=\"portfolio_category\">Aseo Industrial<\/span>\n\t\t\t\t\t\t\t\t\t<\/span>\n\t\t<\/a>\n\t<\/div>\n<\/div>\n\t\t\t\t<\/div>\n\t\t\t\t\t\t\t<\/div>\n\t\t\t\t\t\t\t<\/div>\n\t\t\t\t<\/div>\n\t\t\t\t\t<\/div>\n\t\t<\/div>\n\t\t\t\t\t<\/div>\n\t\t<\/section>\n\t\t\t\t<\/div>\n\t\t","protected":false},"excerpt":{"rendered":"<p>[vc_row][vc_column][stm_portfolio posts_per_page=&#8221;9&#8243; style=&#8221;style_2&#8243; load_more_enable=&#8221;true&#8221;][\/vc_column][\/vc_row]<\/p>\n","protected":false},"author":1,"featured_media":0,"parent":0,"menu_order":0,"comment_status":"closed","ping_status":"closed","template":"","meta":{"footnotes":""},"class_list":["post-6273","page","type-page","status-publish","hentry"],"yoast_head":"<!-- This site is optimized with the Yoast SEO plugin v26.4 - https:\/\/yoast.com\/wordpress\/plugins\/seo\/ -->\n<title>Portfolio - Alquiler de Ba\u00f1os Port\u00e1tiles y Aseo Industrial en Colombia<\/title>\n<meta name=\"robots\" content=\"index, follow, max-snippet:-1, max-image-preview:large, max-video-preview:-1\" \/>\n<link rel=\"canonical\" href=\"https:\/\/www.bamocol.com\/index.php\/portfolio-2\/\" \/>\n<meta property=\"og:locale\" content=\"es_ES\" \/>\n<meta property=\"og:type\" content=\"article\" \/>\n<meta property=\"og:title\" content=\"Portfolio - Alquiler de Ba\u00f1os Port\u00e1tiles y Aseo Industrial en Colombia\" \/>\n<meta property=\"og:description\" content=\"[vc_row][vc_column][stm_portfolio posts_per_page=&#8221;9&#8243; style=&#8221;style_2&#8243; load_more_enable=&#8221;true&#8221;][\/vc_column][\/vc_row]\" \/>\n<meta property=\"og:url\" content=\"https:\/\/www.bamocol.com\/index.php\/portfolio-2\/\" \/>\n<meta property=\"og:site_name\" content=\"Alquiler de Ba\u00f1os Port\u00e1tiles y Aseo Industrial en Colombia\" \/>\n<meta property=\"article:publisher\" content=\"https:\/\/www.facebook.com\/bamocol\/\" \/>\n<meta property=\"article:modified_time\" content=\"2024-12-17T21:37:46+00:00\" \/>\n<meta name=\"twitter:card\" content=\"summary_large_image\" \/>\n<script type=\"application\/ld+json\" class=\"yoast-schema-graph\">{\"@context\":\"https:\/\/schema.org\",\"@graph\":[{\"@type\":\"WebPage\",\"@id\":\"https:\/\/www.bamocol.com\/index.php\/portfolio-2\/\",\"url\":\"https:\/\/www.bamocol.com\/index.php\/portfolio-2\/\",\"name\":\"Portfolio - Alquiler de Ba\u00f1os Port\u00e1tiles y Aseo Industrial en Colombia\",\"isPartOf\":{\"@id\":\"https:\/\/www.bamocol.com\/#website\"},\"datePublished\":\"2019-11-26T12:21:32+00:00\",\"dateModified\":\"2024-12-17T21:37:46+00:00\",\"breadcrumb\":{\"@id\":\"https:\/\/www.bamocol.com\/index.php\/portfolio-2\/#breadcrumb\"},\"inLanguage\":\"es\",\"potentialAction\":[{\"@type\":\"ReadAction\",\"target\":[\"https:\/\/www.bamocol.com\/index.php\/portfolio-2\/\"]}]},{\"@type\":\"BreadcrumbList\",\"@id\":\"https:\/\/www.bamocol.com\/index.php\/portfolio-2\/#breadcrumb\",\"itemListElement\":[{\"@type\":\"ListItem\",\"position\":1,\"name\":\"Portada\",\"item\":\"https:\/\/www.bamocol.com\/\"},{\"@type\":\"ListItem\",\"position\":2,\"name\":\"Portfolio\"}]},{\"@type\":\"WebSite\",\"@id\":\"https:\/\/www.bamocol.com\/#website\",\"url\":\"https:\/\/www.bamocol.com\/\",\"name\":\"Alquiler de Ba\u00f1os Port\u00e1tiles y Aseo Industrial en Colombia\",\"description\":\"\",\"publisher\":{\"@id\":\"https:\/\/www.bamocol.com\/#organization\"},\"potentialAction\":[{\"@type\":\"SearchAction\",\"target\":{\"@type\":\"EntryPoint\",\"urlTemplate\":\"https:\/\/www.bamocol.com\/?s={search_term_string}\"},\"query-input\":{\"@type\":\"PropertyValueSpecification\",\"valueRequired\":true,\"valueName\":\"search_term_string\"}}],\"inLanguage\":\"es\"},{\"@type\":\"Organization\",\"@id\":\"https:\/\/www.bamocol.com\/#organization\",\"name\":\"Alquiler de Ba\u00f1os Port\u00e1tiles y Aseo Industrial en Colombia\",\"url\":\"https:\/\/www.bamocol.com\/\",\"logo\":{\"@type\":\"ImageObject\",\"inLanguage\":\"es\",\"@id\":\"https:\/\/www.bamocol.com\/#\/schema\/logo\/image\/\",\"url\":\"https:\/\/www.bamocol.com\/wp-content\/uploads\/2025\/11\/logo-bamocol_1.png\",\"contentUrl\":\"https:\/\/www.bamocol.com\/wp-content\/uploads\/2025\/11\/logo-bamocol_1.png\",\"width\":240,\"height\":81,\"caption\":\"Alquiler de Ba\u00f1os Port\u00e1tiles y Aseo Industrial en Colombia\"},\"image\":{\"@id\":\"https:\/\/www.bamocol.com\/#\/schema\/logo\/image\/\"},\"sameAs\":[\"https:\/\/www.facebook.com\/bamocol\/\"]}]}<\/script>\n<!-- \/ Yoast SEO plugin. -->","yoast_head_json":{"title":"Portfolio - Alquiler de Ba\u00f1os Port\u00e1tiles y Aseo Industrial en Colombia","robots":{"index":"index","follow":"follow","max-snippet":"max-snippet:-1","max-image-preview":"max-image-preview:large","max-video-preview":"max-video-preview:-1"},"canonical":"https:\/\/www.bamocol.com\/index.php\/portfolio-2\/","og_locale":"es_ES","og_type":"article","og_title":"Portfolio - Alquiler de Ba\u00f1os Port\u00e1tiles y Aseo Industrial en Colombia","og_description":"[vc_row][vc_column][stm_portfolio posts_per_page=&#8221;9&#8243; style=&#8221;style_2&#8243; load_more_enable=&#8221;true&#8221;][\/vc_column][\/vc_row]","og_url":"https:\/\/www.bamocol.com\/index.php\/portfolio-2\/","og_site_name":"Alquiler de Ba\u00f1os Port\u00e1tiles y Aseo Industrial en Colombia","article_publisher":"https:\/\/www.facebook.com\/bamocol\/","article_modified_time":"2024-12-17T21:37:46+00:00","twitter_card":"summary_large_image","schema":{"@context":"https:\/\/schema.org","@graph":[{"@type":"WebPage","@id":"https:\/\/www.bamocol.com\/index.php\/portfolio-2\/","url":"https:\/\/www.bamocol.com\/index.php\/portfolio-2\/","name":"Portfolio - Alquiler de Ba\u00f1os Port\u00e1tiles y Aseo Industrial en Colombia","isPartOf":{"@id":"https:\/\/www.bamocol.com\/#website"},"datePublished":"2019-11-26T12:21:32+00:00","dateModified":"2024-12-17T21:37:46+00:00","breadcrumb":{"@id":"https:\/\/www.bamocol.com\/index.php\/portfolio-2\/#breadcrumb"},"inLanguage":"es","potentialAction":[{"@type":"ReadAction","target":["https:\/\/www.bamocol.com\/index.php\/portfolio-2\/"]}]},{"@type":"BreadcrumbList","@id":"https:\/\/www.bamocol.com\/index.php\/portfolio-2\/#breadcrumb","itemListElement":[{"@type":"ListItem","position":1,"name":"Portada","item":"https:\/\/www.bamocol.com\/"},{"@type":"ListItem","position":2,"name":"Portfolio"}]},{"@type":"WebSite","@id":"https:\/\/www.bamocol.com\/#website","url":"https:\/\/www.bamocol.com\/","name":"Alquiler de Ba\u00f1os Port\u00e1tiles y Aseo Industrial en Colombia","description":"","publisher":{"@id":"https:\/\/www.bamocol.com\/#organization"},"potentialAction":[{"@type":"SearchAction","target":{"@type":"EntryPoint","urlTemplate":"https:\/\/www.bamocol.com\/?s={search_term_string}"},"query-input":{"@type":"PropertyValueSpecification","valueRequired":true,"valueName":"search_term_string"}}],"inLanguage":"es"},{"@type":"Organization","@id":"https:\/\/www.bamocol.com\/#organization","name":"Alquiler de Ba\u00f1os Port\u00e1tiles y Aseo Industrial en Colombia","url":"https:\/\/www.bamocol.com\/","logo":{"@type":"ImageObject","inLanguage":"es","@id":"https:\/\/www.bamocol.com\/#\/schema\/logo\/image\/","url":"https:\/\/www.bamocol.com\/wp-content\/uploads\/2025\/11\/logo-bamocol_1.png","contentUrl":"https:\/\/www.bamocol.com\/wp-content\/uploads\/2025\/11\/logo-bamocol_1.png","width":240,"height":81,"caption":"Alquiler de Ba\u00f1os Port\u00e1tiles y Aseo Industrial en Colombia"},"image":{"@id":"https:\/\/www.bamocol.com\/#\/schema\/logo\/image\/"},"sameAs":["https:\/\/www.facebook.com\/bamocol\/"]}]}},"_links":{"self":[{"href":"https:\/\/www.bamocol.com\/index.php\/wp-json\/wp\/v2\/pages\/6273","targetHints":{"allow":["GET"]}}],"collection":[{"href":"https:\/\/www.bamocol.com\/index.php\/wp-json\/wp\/v2\/pages"}],"about":[{"href":"https:\/\/www.bamocol.com\/index.php\/wp-json\/wp\/v2\/types\/page"}],"author":[{"embeddable":true,"href":"https:\/\/www.bamocol.com\/index.php\/wp-json\/wp\/v2\/users\/1"}],"replies":[{"embeddable":true,"href":"https:\/\/www.bamocol.com\/index.php\/wp-json\/wp\/v2\/comments?post=6273"}],"version-history":[{"count":1,"href":"https:\/\/www.bamocol.com\/index.php\/wp-json\/wp\/v2\/pages\/6273\/revisions"}],"predecessor-version":[{"id":7144,"href":"https:\/\/www.bamocol.com\/index.php\/wp-json\/wp\/v2\/pages\/6273\/revisions\/7144"}],"wp:attachment":[{"href":"https:\/\/www.bamocol.com\/index.php\/wp-json\/wp\/v2\/media?parent=6273"}],"curies":[{"name":"wp","href":"https:\/\/api.w.org\/{rel}","templated":true}]}}